{"id":392,"date":"2022-03-23T00:32:23","date_gmt":"2022-03-22T21:32:23","guid":{"rendered":"http:\/\/deinbuchhalter.org\/?page_id=392"},"modified":"2022-10-07T22:21:54","modified_gmt":"2022-10-07T19:21:54","slug":"buroservice","status":"publish","type":"page","link":"http:\/\/deinbuchhalter.org\/tr\/buroservice\/","title":{"rendered":"Ofis Hizmetleri"},"content":{"rendered":"<p>Fatura ve Teklif Haz\u0131rlanmas\u0131<\/p>\n\n\n\n<p>Yaz\u0131 \u0130\u015fleri<\/p>\n\n\n\n<p>Tashih \u0130\u015fleri<\/p>\n\n\n\n<p>Posta Hizmetleri<\/p>","protected":false},"excerpt":{"rendered":"<p>Angebots- und Rechnungserstellung Schreibarbeiten Lektoratsarbeiten Postservice<\/p>","protected":false},"author":2,"featured_media":0,"parent":0,"menu_order":0,"comment_status":"closed","ping_status":"closed","template":"","meta":{"footnotes":""},"class_list":["post-392","page","type-page","status-publish","hentry"],"_links":{"self":[{"href":"http:\/\/deinbuchhalter.org\/tr\/wp-json\/wp\/v2\/pages\/392","targetHints":{"allow":["GET"]}}],"collection":[{"href":"http:\/\/deinbuchhalter.org\/tr\/wp-json\/wp\/v2\/pages"}],"about":[{"href":"http:\/\/deinbuchhalter.org\/tr\/wp-json\/wp\/v2\/types\/page"}],"author":[{"embeddable":true,"href":"http:\/\/deinbuchhalter.org\/tr\/wp-json\/wp\/v2\/users\/2"}],"replies":[{"embeddable":true,"href":"http:\/\/deinbuchhalter.org\/tr\/wp-json\/wp\/v2\/comments?post=392"}],"version-history":[{"count":5,"href":"http:\/\/deinbuchhalter.org\/tr\/wp-json\/wp\/v2\/pages\/392\/revisions"}],"predecessor-version":[{"id":578,"href":"http:\/\/deinbuchhalter.org\/tr\/wp-json\/wp\/v2\/pages\/392\/revisions\/578"}],"wp:attachment":[{"href":"http:\/\/deinbuchhalter.org\/tr\/wp-json\/wp\/v2\/media?parent=392"}],"curies":[{"name":"wp","href":"https:\/\/api.w.org\/{rel}","templated":true}]}}