{"id":394,"date":"2022-03-23T00:32:58","date_gmt":"2022-03-22T21:32:58","guid":{"rendered":"http:\/\/deinbuchhalter.org\/?page_id=394"},"modified":"2022-10-08T14:19:08","modified_gmt":"2022-10-08T11:19:08","slug":"ihr-plus","status":"publish","type":"page","link":"http:\/\/deinbuchhalter.org\/tr\/ihr-plus\/","title":{"rendered":"Kurumsal Kimlik"},"content":{"rendered":"<p>Logo<\/p>\n\n\n\n<p>Kartvizit<\/p>\n\n\n\n<p>Fatura Tasla\u011f\u0131<\/p>\n\n\n\n<p>El \u0130lan\u0131 ve Daha Fazlas\u0131<\/p>","protected":false},"excerpt":{"rendered":"<p>Logo Visitenkarte Rechnungsvorlage Flyer und mehr<\/p>","protected":false},"author":2,"featured_media":0,"parent":0,"menu_order":0,"comment_status":"closed","ping_status":"closed","template":"","meta":{"footnotes":""},"class_list":["post-394","page","type-page","status-publish","hentry"],"_links":{"self":[{"href":"http:\/\/deinbuchhalter.org\/tr\/wp-json\/wp\/v2\/pages\/394","targetHints":{"allow":["GET"]}}],"collection":[{"href":"http:\/\/deinbuchhalter.org\/tr\/wp-json\/wp\/v2\/pages"}],"about":[{"href":"http:\/\/deinbuchhalter.org\/tr\/wp-json\/wp\/v2\/types\/page"}],"author":[{"embeddable":true,"href":"http:\/\/deinbuchhalter.org\/tr\/wp-json\/wp\/v2\/users\/2"}],"replies":[{"embeddable":true,"href":"http:\/\/deinbuchhalter.org\/tr\/wp-json\/wp\/v2\/comments?post=394"}],"version-history":[{"count":6,"href":"http:\/\/deinbuchhalter.org\/tr\/wp-json\/wp\/v2\/pages\/394\/revisions"}],"predecessor-version":[{"id":584,"href":"http:\/\/deinbuchhalter.org\/tr\/wp-json\/wp\/v2\/pages\/394\/revisions\/584"}],"wp:attachment":[{"href":"http:\/\/deinbuchhalter.org\/tr\/wp-json\/wp\/v2\/media?parent=394"}],"curies":[{"name":"wp","href":"https:\/\/api.w.org\/{rel}","templated":true}]}}